{"id":17,"date":"2017-02-15T17:32:32","date_gmt":"2017-02-15T16:32:32","guid":{"rendered":"http:\/\/baer.v22015032739124120.yourvserver.net\/wordpress\/?page_id=17"},"modified":"2017-06-01T09:30:32","modified_gmt":"2017-06-01T07:30:32","slug":"wir-ueber-uns","status":"publish","type":"page","link":"http:\/\/baer.v22015032739124120.yourvserver.net\/wordpress\/wir-ueber-uns\/","title":{"rendered":"Wir \u00fcber uns"},"content":{"rendered":"<p>Wir die Familie B\u00e4r freuen uns \u00fcber Ihr Interesse .<br \/>\nSeit 2005 f\u00fchren wir mit viel Herz und Verstand unsere wundersch\u00f6ne Pension, idyllisch gelegen im Gymnicher Feld. Hunde waren schon von je her unsere Leidenschaft .<br \/>\nVor 12 Jahren wurde unser Hobby dann zum Beruf und ist seitdem zu unserem Lebensinhalt geworden.<br \/>\nWir sind f\u00fcr die Tiere von montags bis sonntags da und es macht uns immer noch wahnsinnig viel Freude.<br \/>\nDie Hunde k\u00f6nnen hier nach Herzenslust mit Ihren Artgenossen spielen und toben. Wir bieten vielf\u00e4ltige Betreuungsm\u00f6glichkeiten von der Gruppenhaltung in kleinen Gruppen von bis zu 10 Hunden, bis zur Einzelunterbrinung bei mal nicht so vertr\u00e4glichen Gef\u00e4hrten, aber auch ein Doppelzimmer zu zweit ist m\u00f6glich.<br \/>\nUns liegt die artgerechte Betreuung auf hohem Niveau zu fairen Preisen am Herzen. Jede Menge Streicheleinheiten , Auslauf und Spiel und gute Pflege kommen hier nicht zu kurz. Viele unserer Stammg\u00e4ste k\u00f6nnen es an der B\u00fcrot\u00fcre gar nicht abwarten zu ihren Spielkameraden zu kommen. Unser 9 k\u00f6pfiges Team k\u00fcmmert sich liebevoll und individuell unsere G\u00e4ste.<\/p>\n<p>Unser Betrieb ist vom Veterin\u00e4ramt kontrolliert und genehmigt. Wir selbst legen h\u00f6chsten Wert auf auf einen geregelten Ablauf und einen hohen Standard der Anlage sowie der Betreuung und Pflege der Hunde.<\/p>\n<p>Wenn wir Ihr Interesse geweckt haben freuen wir uns sehr wenn Sie mit uns einen Kennenlerntermin\u00a0 vereinbaren.<br \/>\nGerne zeigen wir Ihnen unsere Anlage und nehmen uns Zeit Ihre Fragen zu beantworten.<\/p>\n<p>Wir freuen uns auf Ihren Besuch.<\/p>\n<p>Ulrike &amp; Andreas B\u00e4r und Team<\/p>\n<p>&nbsp;<\/p>\n<p>An dieser Stelle ein herzliches Dankesch\u00f6n an \u00a0alle \u00a0Kunden, die uns in den letzten Jahren Ihr Vertrauen geschenkt haben und Ihre \u00a0Vierbeiner immer gerne zu uns gebracht haben.<\/p>\n<p>&nbsp;<\/p>\n<div class=\"tiled-gallery type-rectangular tiled-gallery-unresized\" data-original-width=\"900\" data-carousel-extra='{&quot;blog_id&quot;:1,&quot;permalink&quot;:&quot;http:\\\/\\\/baer.v22015032739124120.yourvserver.net\\\/wordpress\\\/wir-ueber-uns\\\/&quot;,&quot;likes_blog_id&quot;:87337809}' itemscope itemtype=\"http:\/\/schema.org\/ImageGallery\" > <div class=\"gallery-row\" style=\"width: 900px; height: 451px;\" data-original-width=\"900\" data-original-height=\"451\" > <div class=\"gallery-group images-1\" style=\"width: 600px; height: 451px;\" data-original-width=\"600\" data-original-height=\"451\" > <div class=\"tiled-gallery-item tiled-gallery-item-large\" itemprop=\"associatedMedia\" itemscope itemtype=\"http:\/\/schema.org\/ImageObject\"> <meta itemprop=\"width\" content=\"596\"> <meta itemprop=\"height\" content=\"447\"> <img data-attachment-id=\"48\" data-orig-file=\"http:\/\/baer.v22015032739124120.yourvserver.net\/wordpress\/wp-content\/uploads\/2017\/02\/2006_0410Hundepension040192.jpg\" data-orig-size=\"2592,1944\" data-comments-opened=\"1\" data-image-meta=\"{&quot;aperture&quot;:&quot;3.5&quot;,&quot;credit&quot;:&quot;&quot;,&quot;camera&quot;:&quot;FinePix S5600&quot;,&quot;caption&quot;:&quot;Mh.... Anlehnen und sich wohlf\\u00fchlen&quot;,&quot;created_timestamp&quot;:&quot;1144681881&quot;,&quot;copyright&quot;:&quot;&quot;,&quot;focal_length&quot;:&quot;28.6&quot;,&quot;iso&quot;:&quot;100&quot;,&quot;shutter_speed&quot;:&quot;0.0020833333333333&quot;,&quot;title&quot;:&quot;Mh.... Anlehnen und sich wohlf\\u00fchlen&quot;,&quot;orientation&quot;:&quot;1&quot;}\" data-image-title=\"Mh&#8230;. Anlehnen und sich wohlf\u00fchlen\" data-image-description=\"\" data-medium-file=\"http:\/\/baer.v22015032739124120.yourvserver.net\/wordpress\/wp-content\/uploads\/2017\/02\/2006_0410Hundepension040192-300x225.jpg\" data-large-file=\"http:\/\/baer.v22015032739124120.yourvserver.net\/wordpress\/wp-content\/uploads\/2017\/02\/2006_0410Hundepension040192-1024x768.jpg\" src=\"https:\/\/i0.wp.com\/baer.v22015032739124120.yourvserver.net\/wordpress\/wp-content\/uploads\/2017\/02\/2006_0410Hundepension040192.jpg?w=596&#038;h=447\" width=\"596\" height=\"447\" data-original-width=\"596\" data-original-height=\"447\" itemprop=\"http:\/\/schema.org\/image\" title=\"Mh.... Anlehnen und sich wohlf\u00fchlen\" alt=\"Mh.... Anlehnen und sich wohlf\u00fchlen\" style=\"width: 596px; height: 447px;\" \/> <div class=\"tiled-gallery-caption\" itemprop=\"caption description\"> Mh&#8230;. Anlehnen und sich wohlf\u00fchlen <\/div> <\/div> <\/div> <!-- close group --> <div class=\"gallery-group images-2\" style=\"width: 300px; height: 451px;\" data-original-width=\"300\" data-original-height=\"451\" > <div class=\"tiled-gallery-item tiled-gallery-item-large\" itemprop=\"associatedMedia\" itemscope itemtype=\"http:\/\/schema.org\/ImageObject\"> <meta itemprop=\"width\" content=\"296\"> <meta itemprop=\"height\" content=\"221\"> <img data-attachment-id=\"47\" data-orig-file=\"http:\/\/baer.v22015032739124120.yourvserver.net\/wordpress\/wp-content\/uploads\/2017\/02\/2006_0410Hundepension040190.jpg\" data-orig-size=\"2592,1944\" data-comments-opened=\"1\" data-image-meta=\"{&quot;aperture&quot;:&quot;4&quot;,&quot;credit&quot;:&quot;&quot;,&quot;camera&quot;:&quot;FinePix S5600&quot;,&quot;caption&quot;:&quot;&quot;,&quot;created_timestamp&quot;:&quot;1144681781&quot;,&quot;copyright&quot;:&quot;&quot;,&quot;focal_length&quot;:&quot;28.6&quot;,&quot;iso&quot;:&quot;100&quot;,&quot;shutter_speed&quot;:&quot;0.0018181818181818&quot;,&quot;title&quot;:&quot;&quot;,&quot;orientation&quot;:&quot;1&quot;}\" data-image-title=\"2006_0410Hundepension040190\" data-image-description=\"\" data-medium-file=\"http:\/\/baer.v22015032739124120.yourvserver.net\/wordpress\/wp-content\/uploads\/2017\/02\/2006_0410Hundepension040190-300x225.jpg\" data-large-file=\"http:\/\/baer.v22015032739124120.yourvserver.net\/wordpress\/wp-content\/uploads\/2017\/02\/2006_0410Hundepension040190-1024x768.jpg\" src=\"https:\/\/i0.wp.com\/baer.v22015032739124120.yourvserver.net\/wordpress\/wp-content\/uploads\/2017\/02\/2006_0410Hundepension040190.jpg?w=296&#038;h=221\" width=\"296\" height=\"221\" data-original-width=\"296\" data-original-height=\"221\" itemprop=\"http:\/\/schema.org\/image\" title=\"2006_0410Hundepension040190\" alt=\"2006_0410Hundepension040190\" style=\"width: 296px; height: 221px;\" \/> <\/div> <div class=\"tiled-gallery-item tiled-gallery-item-large\" itemprop=\"associatedMedia\" itemscope itemtype=\"http:\/\/schema.org\/ImageObject\"> <meta itemprop=\"width\" content=\"296\"> <meta itemprop=\"height\" content=\"222\"> <img data-attachment-id=\"42\" data-orig-file=\"http:\/\/baer.v22015032739124120.yourvserver.net\/wordpress\/wp-content\/uploads\/2017\/02\/Sarlos-006.jpg\" data-orig-size=\"2592,1944\" data-comments-opened=\"1\" data-image-meta=\"{&quot;aperture&quot;:&quot;8&quot;,&quot;credit&quot;:&quot;&quot;,&quot;camera&quot;:&quot;FinePix S5600&quot;,&quot;caption&quot;:&quot;&quot;,&quot;created_timestamp&quot;:&quot;1293850060&quot;,&quot;copyright&quot;:&quot;&quot;,&quot;focal_length&quot;:&quot;6.3&quot;,&quot;iso&quot;:&quot;64&quot;,&quot;shutter_speed&quot;:&quot;0.014285714285714&quot;,&quot;title&quot;:&quot;&quot;,&quot;orientation&quot;:&quot;1&quot;}\" data-image-title=\"Sarlos 006\" data-image-description=\"\" data-medium-file=\"http:\/\/baer.v22015032739124120.yourvserver.net\/wordpress\/wp-content\/uploads\/2017\/02\/Sarlos-006-300x225.jpg\" data-large-file=\"http:\/\/baer.v22015032739124120.yourvserver.net\/wordpress\/wp-content\/uploads\/2017\/02\/Sarlos-006-1024x768.jpg\" src=\"https:\/\/i0.wp.com\/baer.v22015032739124120.yourvserver.net\/wordpress\/wp-content\/uploads\/2017\/02\/Sarlos-006.jpg?w=296&#038;h=222\" width=\"296\" height=\"222\" data-original-width=\"296\" data-original-height=\"222\" itemprop=\"http:\/\/schema.org\/image\" title=\"Sarlos 006\" alt=\"Sarlos 006\" style=\"width: 296px; height: 222px;\" \/> <\/div> <\/div> <!-- close group --> <\/div> <!-- close row --> <div class=\"gallery-row\" style=\"width: 900px; height: 676px;\" data-original-width=\"900\" data-original-height=\"676\" > <div class=\"gallery-group images-1\" style=\"width: 900px; height: 676px;\" data-original-width=\"900\" data-original-height=\"676\" > <div class=\"tiled-gallery-item tiled-gallery-item-large\" itemprop=\"associatedMedia\" itemscope itemtype=\"http:\/\/schema.org\/ImageObject\"> <meta itemprop=\"width\" content=\"896\"> <meta itemprop=\"height\" content=\"672\"> <img data-attachment-id=\"44\" data-orig-file=\"http:\/\/baer.v22015032739124120.yourvserver.net\/wordpress\/wp-content\/uploads\/2017\/02\/Winterimpressionen-2009-233.jpg\" data-orig-size=\"2592,1944\" data-comments-opened=\"1\" data-image-meta=\"{&quot;aperture&quot;:&quot;3.5&quot;,&quot;credit&quot;:&quot;&quot;,&quot;camera&quot;:&quot;FinePix S5600&quot;,&quot;caption&quot;:&quot;&quot;,&quot;created_timestamp&quot;:&quot;1107384252&quot;,&quot;copyright&quot;:&quot;&quot;,&quot;focal_length&quot;:&quot;21.6&quot;,&quot;iso&quot;:&quot;400&quot;,&quot;shutter_speed&quot;:&quot;0.008&quot;,&quot;title&quot;:&quot;&quot;,&quot;orientation&quot;:&quot;1&quot;}\" data-image-title=\"Winterimpressionen 2009 233\" data-image-description=\"\" data-medium-file=\"http:\/\/baer.v22015032739124120.yourvserver.net\/wordpress\/wp-content\/uploads\/2017\/02\/Winterimpressionen-2009-233-300x225.jpg\" data-large-file=\"http:\/\/baer.v22015032739124120.yourvserver.net\/wordpress\/wp-content\/uploads\/2017\/02\/Winterimpressionen-2009-233-1024x768.jpg\" src=\"https:\/\/i0.wp.com\/baer.v22015032739124120.yourvserver.net\/wordpress\/wp-content\/uploads\/2017\/02\/Winterimpressionen-2009-233.jpg?w=896&#038;h=672\" width=\"896\" height=\"672\" data-original-width=\"896\" data-original-height=\"672\" itemprop=\"http:\/\/schema.org\/image\" title=\"Winterimpressionen 2009 233\" alt=\"Winterimpressionen 2009 233\" style=\"width: 896px; height: 672px;\" \/> <\/div> <\/div> <!-- close group --> <\/div> <!-- close row --> <\/div>\n","protected":false},"excerpt":{"rendered":"<p>Wir die Familie B\u00e4r freuen uns \u00fcber Ihr Interesse . Seit 2005 f\u00fchren wir mit viel Herz und Verstand unsere wundersch\u00f6ne Pension, idyllisch gelegen im Gymnicher Feld. Hunde waren schon von je her unsere Leidenschaft . Vor 12 Jahren wurde unser Hobby dann zum Beruf und ist seitdem zu unserem Lebensinhalt geworden. Wir sind f\u00fcr [&hellip;]<\/p>\n","protected":false},"author":1,"featured_media":47,"parent":0,"menu_order":0,"comment_status":"closed","ping_status":"closed","template":"","meta":[],"jetpack_sharing_enabled":true,"_links":{"self":[{"href":"http:\/\/baer.v22015032739124120.yourvserver.net\/wordpress\/wp-json\/wp\/v2\/pages\/17"}],"collection":[{"href":"http:\/\/baer.v22015032739124120.yourvserver.net\/wordpress\/wp-json\/wp\/v2\/pages"}],"about":[{"href":"http:\/\/baer.v22015032739124120.yourvserver.net\/wordpress\/wp-json\/wp\/v2\/types\/page"}],"author":[{"embeddable":true,"href":"http:\/\/baer.v22015032739124120.yourvserver.net\/wordpress\/wp-json\/wp\/v2\/users\/1"}],"replies":[{"embeddable":true,"href":"http:\/\/baer.v22015032739124120.yourvserver.net\/wordpress\/wp-json\/wp\/v2\/comments?post=17"}],"version-history":[{"count":6,"href":"http:\/\/baer.v22015032739124120.yourvserver.net\/wordpress\/wp-json\/wp\/v2\/pages\/17\/revisions"}],"predecessor-version":[{"id":243,"href":"http:\/\/baer.v22015032739124120.yourvserver.net\/wordpress\/wp-json\/wp\/v2\/pages\/17\/revisions\/243"}],"wp:featuredmedia":[{"embeddable":true,"href":"http:\/\/baer.v22015032739124120.yourvserver.net\/wordpress\/wp-json\/wp\/v2\/media\/47"}],"wp:attachment":[{"href":"http:\/\/baer.v22015032739124120.yourvserver.net\/wordpress\/wp-json\/wp\/v2\/media?parent=17"}],"curies":[{"name":"wp","href":"https:\/\/api.w.org\/{rel}","templated":true}]}}