{"id":92,"date":"2017-03-01T13:25:23","date_gmt":"2017-03-01T12:25:23","guid":{"rendered":"http:\/\/baer.v22015032739124120.yourvserver.net\/wordpress\/?page_id=92"},"modified":"2023-02-23T16:12:59","modified_gmt":"2023-02-23T15:12:59","slug":"oeffnungszeiten","status":"publish","type":"page","link":"http:\/\/baer.v22015032739124120.yourvserver.net\/wordpress\/oeffnungszeiten\/","title":{"rendered":"\u00d6ffnungszeiten"},"content":{"rendered":"<p>Unsere Zeiten sind sehr flexibel und ausgedehnt, soda\u00df f\u00fcr jeden eine passende Zeit dabei sein sollte.\u00a0 Auch f\u00fcr unsere berufst\u00e4tigen\u00a0 Kunden, die die HUTA \u00a0nutzen, sind innerhalb des angegebenen Zeitfensters keine festen Zeiten notwendig.<br \/>\nEs ist uns zum Wohle der Hunde wichtig, dass die von uns vorgegebenen Zeiten eingehalten werden, damit ein geregelter Ablauf m\u00f6glich ist.<br \/>\nJede Ausnahme bringt nur Unruhe, die niemand f\u00fcr seinen Hund m\u00f6chte.<br \/>\nIn der Mittagszeit halten unsere Gasthunde ein Schl\u00e4fchen. Dazu sollte man wissen, dass ein Hund am Tag viele Stunden ruht. Diese Zeit ist uns f\u00fcr das Wohl unserer G\u00e4ste \u00e4u\u00dferst wichtig, so da\u00df wir um Verst\u00e4ndnis bitten, dass wir ausserhalb dieser Zeiten keine Ausnahmen machen m\u00f6chten.<\/p>\n<p><strong>Bringzeiten:<\/strong><br \/>\n<strong>Vormittags Mo-So:<\/strong> \u00a0\u00a0\u00a0\u00a0\u00a0\u00a0\u00a0\u00a0\u00a0\u00a0\u00a0\u00a0\u00a0\u00a0\u00a0\u00a0\u00a0\u00a0\u00a0\u00a0\u00a0\u00a0\u00a0\u00a0\u00a0\u00a0\u00a0\u00a0\u00a0\u00a0\u00a0\u00a0\u00a0\u00a0\u00a0\u00a0\u00a0\u00a0 8:00 Uhr bis 10:00 Uhr<br \/>\nNachmittags Mo-Fr:\u00a0\u00a0\u00a0\u00a0\u00a0\u00a0\u00a0\u00a0\u00a0\u00a0\u00a0\u00a0\u00a0\u00a0\u00a0\u00a0\u00a0\u00a0\u00a0\u00a0\u00a0\u00a0\u00a0\u00a0\u00a0\u00a0\u00a0\u00a0\u00a0\u00a0\u00a0\u00a0\u00a0\u00a0\u00a0\u00a0\u00a0\u00a0 15:00 Uhr bis 17:00 Uhr<br \/>\nNur f\u00fcr Tagesbetreuung Mo-Fr:\u00a0\u00a0\u00a0\u00a0\u00a0\u00a0\u00a0\u00a0\u00a0\u00a0\u00a0\u00a0\u00a0\u00a0\u00a0\u00a0\u00a0\u00a0\u00a0\u00a0\u00a0\u00a0 7:00 &#8211; 10:00 Uhr<\/p>\n<p><strong>Abhol- und \u00d6ffnungszeiten:<\/strong><br \/>\n<strong>Vormittags Mo-Sa:<\/strong> \u00a0\u00a0\u00a0\u00a0\u00a0\u00a0\u00a0\u00a0\u00a0\u00a0\u00a0\u00a0\u00a0\u00a0\u00a0\u00a0\u00a0\u00a0\u00a0\u00a0\u00a0\u00a0\u00a0\u00a0\u00a0\u00a0\u00a0\u00a0\u00a0\u00a0\u00a0\u00a0\u00a0\u00a0\u00a0\u00a0\u00a0\u00a0 8:00 Uhr bis 10:30 Uhr<br \/>\nNachmittags Mo-Do:\u00a0\u00a0\u00a0\u00a0\u00a0\u00a0\u00a0\u00a0\u00a0\u00a0\u00a0\u00a0\u00a0\u00a0\u00a0\u00a0\u00a0\u00a0\u00a0\u00a0\u00a0\u00a0\u00a0\u00a0\u00a0\u00a0\u00a0\u00a0\u00a0\u00a0\u00a0\u00a0\u00a0\u00a0\u00a0\u00a0 15:00 Uhr bis 18:30 Uhr<br \/>\nFreitags: \u00a0 \u00a0 \u00a0 \u00a0 \u00a0 \u00a0 \u00a0 \u00a0 \u00a0 \u00a0 \u00a0\u00a0\u00a0\u00a0\u00a0\u00a0\u00a0\u00a0\u00a0\u00a0\u00a0\u00a0\u00a0\u00a0\u00a0\u00a0\u00a0\u00a0\u00a0\u00a0\u00a0\u00a0\u00a0\u00a0\u00a0\u00a0\u00a0\u00a0\u00a0\u00a0\u00a0\u00a0\u00a0\u00a0\u00a0 <strong>15:00 Uhr bis 18:00 Uhr<\/strong><br \/>\n<strong>Sonntags\/Feiertags\u00a0\u00a0\u00a0\u00a0\u00a0\u00a0\u00a0\u00a0\u00a0\u00a0\u00a0\u00a0\u00a0\u00a0\u00a0\u00a0\u00a0\u00a0\u00a0\u00a0\u00a0\u00a0\u00a0\u00a0\u00a0\u00a0\u00a0\u00a0\u00a0\u00a0\u00a0\u00a0\u00a0\u00a0\u00a0\u00a0\u00a0 8:00-10:00 Uhr und 16-18:00 Uhr<\/strong><\/p>\n<p><strong>Zahlenmodalit\u00e4ten<\/strong><br \/>\nBar oder EC-Kartenzahlung (Keine Kreditkarte !).<\/p>\n<p><a id=\"erklaerung\"><\/a><strong><span style=\"color: #008000;\">Die Unterscheidung der Hol \u2013 und Bringzeiten machen wir, damit Ihr Hund gen\u00fcgend Zeit hat sich mit seinen Zimmergenossen einzugew\u00f6hnen. Kommen die Hunde zu sp\u00e4t, ist dies nur mit Stress f\u00fcr die Hunde verbunden und Ihr Hund muss unter Umst\u00e4nden die Nacht oder die Mittagszeit alleine verbringen. Ihr Hund dankt es Ihnen.<\/span><\/strong><\/p>\n","protected":false},"excerpt":{"rendered":"<p>Unsere Zeiten sind sehr flexibel und ausgedehnt, soda\u00df f\u00fcr jeden eine passende Zeit dabei sein sollte.\u00a0 Auch f\u00fcr unsere berufst\u00e4tigen\u00a0 Kunden, die die HUTA \u00a0nutzen, sind innerhalb des angegebenen Zeitfensters keine festen Zeiten notwendig. Es ist uns zum Wohle der Hunde wichtig, dass die von uns vorgegebenen Zeiten eingehalten werden, damit ein geregelter Ablauf m\u00f6glich [&hellip;]<\/p>\n","protected":false},"author":1,"featured_media":0,"parent":0,"menu_order":0,"comment_status":"closed","ping_status":"closed","template":"","meta":[],"jetpack_sharing_enabled":true,"_links":{"self":[{"href":"http:\/\/baer.v22015032739124120.yourvserver.net\/wordpress\/wp-json\/wp\/v2\/pages\/92"}],"collection":[{"href":"http:\/\/baer.v22015032739124120.yourvserver.net\/wordpress\/wp-json\/wp\/v2\/pages"}],"about":[{"href":"http:\/\/baer.v22015032739124120.yourvserver.net\/wordpress\/wp-json\/wp\/v2\/types\/page"}],"author":[{"embeddable":true,"href":"http:\/\/baer.v22015032739124120.yourvserver.net\/wordpress\/wp-json\/wp\/v2\/users\/1"}],"replies":[{"embeddable":true,"href":"http:\/\/baer.v22015032739124120.yourvserver.net\/wordpress\/wp-json\/wp\/v2\/comments?post=92"}],"version-history":[{"count":8,"href":"http:\/\/baer.v22015032739124120.yourvserver.net\/wordpress\/wp-json\/wp\/v2\/pages\/92\/revisions"}],"predecessor-version":[{"id":833,"href":"http:\/\/baer.v22015032739124120.yourvserver.net\/wordpress\/wp-json\/wp\/v2\/pages\/92\/revisions\/833"}],"wp:attachment":[{"href":"http:\/\/baer.v22015032739124120.yourvserver.net\/wordpress\/wp-json\/wp\/v2\/media?parent=92"}],"curies":[{"name":"wp","href":"https:\/\/api.w.org\/{rel}","templated":true}]}}